{"id":66,"date":"2021-08-24T16:52:49","date_gmt":"2021-08-24T14:52:49","guid":{"rendered":"https:\/\/www.ellasrl.com\/?page_id=66"},"modified":"2022-04-07T17:27:44","modified_gmt":"2022-04-07T15:27:44","slug":"de-home-page","status":"publish","type":"page","link":"https:\/\/www.ellasrl.com\/www\/de-home-page\/","title":{"rendered":"HOME PAGE &#8211; DE"},"content":{"rendered":"\n<div class=\"wp-block-columns is-layout-flex wp-container-core-columns-is-layout-9d6595d7 wp-block-columns-is-layout-flex\">\n<div class=\"wp-block-column is-layout-flow wp-block-column-is-layout-flow\" style=\"flex-basis:66.66%\">\n<h2 class=\"wp-block-heading\">Wer ist <mark style=\"background-color:rgba(0, 0, 0, 0);color:#b1232b\" class=\"has-inline-color\">Ella Srl<\/mark><\/h2>\n\n\n\n<p>Das Unternehmen besch\u00e4ftigt sich mit dem Import \/ Export von M\u00f6belprodukten Made in Italy, der Herstellung von Vorh\u00e4ngen f\u00fcr Dritte und der Herstellung und Lieferung von Textilprodukten f\u00fcr Hotels.<\/p>\n\n\n\n<p>Dank der gro\u00dfen Erfahrung in der Branche gelingt es Ella Srl, immer ein sehr hohes Qualit\u00e4tsniveau zu garantieren.<\/p>\n<\/div>\n\n\n\n<div class=\"wp-block-column is-layout-flow wp-block-column-is-layout-flow\" style=\"flex-basis:33.33%\">\n<figure class=\"wp-block-image size-large\"><img loading=\"lazy\" decoding=\"async\" width=\"1024\" height=\"768\" src=\"https:\/\/www.ellasrl.com\/www\/wp-content\/uploads\/2021\/10\/WhatsApp-Image-2021-09-26-at-15.54.40-1024x768.jpeg\" alt=\"\" class=\"wp-image-253\" srcset=\"https:\/\/www.ellasrl.com\/www\/wp-content\/uploads\/2021\/10\/WhatsApp-Image-2021-09-26-at-15.54.40-1024x768.jpeg 1024w, https:\/\/www.ellasrl.com\/www\/wp-content\/uploads\/2021\/10\/WhatsApp-Image-2021-09-26-at-15.54.40-300x225.jpeg 300w, https:\/\/www.ellasrl.com\/www\/wp-content\/uploads\/2021\/10\/WhatsApp-Image-2021-09-26-at-15.54.40-768x576.jpeg 768w, https:\/\/www.ellasrl.com\/www\/wp-content\/uploads\/2021\/10\/WhatsApp-Image-2021-09-26-at-15.54.40-1536x1152.jpeg 1536w, https:\/\/www.ellasrl.com\/www\/wp-content\/uploads\/2021\/10\/WhatsApp-Image-2021-09-26-at-15.54.40.jpeg 1600w\" sizes=\"auto, (max-width: 1024px) 100vw, 1024px\" \/><\/figure>\n<\/div>\n<\/div>\n","protected":false},"excerpt":{"rendered":"<p>Wer ist Ella Srl Das Unternehmen besch\u00e4ftigt sich mit dem Import \/ Export von M\u00f6belprodukten Made in Italy, der Herstellung von Vorh\u00e4ngen f\u00fcr Dritte und der Herstellung und Lieferung von Textilprodukten f\u00fcr Hotels. Dank der gro\u00dfen Erfahrung in der Branche gelingt es Ella Srl, immer ein sehr hohes Qualit\u00e4tsniveau zu [&hellip;]<\/p>\n","protected":false},"author":1,"featured_media":0,"parent":0,"menu_order":30,"comment_status":"closed","ping_status":"closed","template":"page-templates\/template-home.php","meta":{"footnotes":""},"class_list":["post-66","page","type-page","status-publish","hentry"],"_links":{"self":[{"href":"https:\/\/www.ellasrl.com\/www\/wp-json\/wp\/v2\/pages\/66","targetHints":{"allow":["GET"]}}],"collection":[{"href":"https:\/\/www.ellasrl.com\/www\/wp-json\/wp\/v2\/pages"}],"about":[{"href":"https:\/\/www.ellasrl.com\/www\/wp-json\/wp\/v2\/types\/page"}],"author":[{"embeddable":true,"href":"https:\/\/www.ellasrl.com\/www\/wp-json\/wp\/v2\/users\/1"}],"replies":[{"embeddable":true,"href":"https:\/\/www.ellasrl.com\/www\/wp-json\/wp\/v2\/comments?post=66"}],"version-history":[{"count":5,"href":"https:\/\/www.ellasrl.com\/www\/wp-json\/wp\/v2\/pages\/66\/revisions"}],"predecessor-version":[{"id":320,"href":"https:\/\/www.ellasrl.com\/www\/wp-json\/wp\/v2\/pages\/66\/revisions\/320"}],"wp:attachment":[{"href":"https:\/\/www.ellasrl.com\/www\/wp-json\/wp\/v2\/media?parent=66"}],"curies":[{"name":"wp","href":"https:\/\/api.w.org\/{rel}","templated":true}]}}