{"id":307,"date":"2022-04-07T17:17:19","date_gmt":"2022-04-07T15:17:19","guid":{"rendered":"https:\/\/www.ellasrl.com\/www\/?page_id=307"},"modified":"2022-04-07T17:25:38","modified_gmt":"2022-04-07T15:25:38","slug":"importieren-exportieren","status":"publish","type":"page","link":"https:\/\/www.ellasrl.com\/www\/de-home-page\/importieren-exportieren\/","title":{"rendered":"Importieren\/Exportieren"},"content":{"rendered":"\n<hr class=\"wp-block-separator is-style-wide\"\/>\n\n\n\n<div class=\"wp-block-columns is-layout-flex wp-container-core-columns-is-layout-9d6595d7 wp-block-columns-is-layout-flex\">\n<div class=\"wp-block-column is-layout-flow wp-block-column-is-layout-flow\" style=\"flex-basis:33.33%\">\n<figure class=\"wp-block-image size-large\"><img loading=\"lazy\" decoding=\"async\" width=\"1024\" height=\"507\" src=\"https:\/\/www.ellasrl.com\/www\/wp-content\/uploads\/2021\/08\/container-1-1024x507.jpg\" alt=\"\" class=\"wp-image-90\" srcset=\"https:\/\/www.ellasrl.com\/www\/wp-content\/uploads\/2021\/08\/container-1-1024x507.jpg 1024w, https:\/\/www.ellasrl.com\/www\/wp-content\/uploads\/2021\/08\/container-1-300x148.jpg 300w, https:\/\/www.ellasrl.com\/www\/wp-content\/uploads\/2021\/08\/container-1-768x380.jpg 768w, https:\/\/www.ellasrl.com\/www\/wp-content\/uploads\/2021\/08\/container-1-1536x760.jpg 1536w, https:\/\/www.ellasrl.com\/www\/wp-content\/uploads\/2021\/08\/container-1.jpg 1920w\" sizes=\"auto, (max-width: 1024px) 100vw, 1024px\" \/><\/figure>\n<\/div>\n\n\n\n<div class=\"wp-block-column is-layout-flow wp-block-column-is-layout-flow\" style=\"flex-basis:66.66%\">\n<p>Die Firma Ella S.r.l. ist der offizielle H\u00e4ndler der renommiertesten italienischen M\u00f6belmarken.<\/p>\n\n\n\n<p>Ein Unternehmen, das f\u00fcr Qualit\u00e4t MADE IN ITALY steht, exportiert italienische Exzellenz in die ganze Welt.Dank der internationalen Pr\u00e4senz auf mehreren Kontinenten &#8211; mit besonderem Augenmerk auf S\u00fcdostasien &#8211; ist Ella S.r.l. der Referenzpartner, um die au\u00dfergew\u00f6hnliche italienische Qualit\u00e4t in der Welt zu verkaufen und bekannt zu machen.<\/p>\n<\/div>\n<\/div>\n\n\n\n<figure class=\"wp-block-gallery has-nested-images columns-default is-cropped wp-block-gallery-1 is-layout-flex wp-block-gallery-is-layout-flex\">\n<figure class=\"wp-block-image size-large\"><img loading=\"lazy\" decoding=\"async\" width=\"1024\" height=\"683\" data-id=\"191\" src=\"https:\/\/www.ellasrl.com\/www\/wp-content\/uploads\/2021\/09\/unnamed-1024x683.jpg\" alt=\"\" class=\"wp-image-191\" srcset=\"https:\/\/www.ellasrl.com\/www\/wp-content\/uploads\/2021\/09\/unnamed-1024x683.jpg 1024w, https:\/\/www.ellasrl.com\/www\/wp-content\/uploads\/2021\/09\/unnamed-300x200.jpg 300w, https:\/\/www.ellasrl.com\/www\/wp-content\/uploads\/2021\/09\/unnamed-768x512.jpg 768w, https:\/\/www.ellasrl.com\/www\/wp-content\/uploads\/2021\/09\/unnamed-1536x1025.jpg 1536w, https:\/\/www.ellasrl.com\/www\/wp-content\/uploads\/2021\/09\/unnamed-2048x1366.jpg 2048w\" sizes=\"auto, (max-width: 1024px) 100vw, 1024px\" \/><\/figure>\n\n\n\n<figure class=\"wp-block-image size-large\"><img loading=\"lazy\" decoding=\"async\" width=\"802\" height=\"1024\" data-id=\"190\" src=\"https:\/\/www.ellasrl.com\/www\/wp-content\/uploads\/2021\/09\/unnamed-4-802x1024.jpg\" alt=\"\" class=\"wp-image-190\" srcset=\"https:\/\/www.ellasrl.com\/www\/wp-content\/uploads\/2021\/09\/unnamed-4-802x1024.jpg 802w, https:\/\/www.ellasrl.com\/www\/wp-content\/uploads\/2021\/09\/unnamed-4-235x300.jpg 235w, https:\/\/www.ellasrl.com\/www\/wp-content\/uploads\/2021\/09\/unnamed-4-768x980.jpg 768w, https:\/\/www.ellasrl.com\/www\/wp-content\/uploads\/2021\/09\/unnamed-4.jpg 1024w\" sizes=\"auto, (max-width: 802px) 100vw, 802px\" \/><\/figure>\n\n\n\n<figure class=\"wp-block-image size-large\"><img loading=\"lazy\" decoding=\"async\" width=\"724\" height=\"1024\" data-id=\"189\" src=\"https:\/\/www.ellasrl.com\/www\/wp-content\/uploads\/2021\/09\/unnamed-3-724x1024.jpg\" alt=\"\" class=\"wp-image-189\" srcset=\"https:\/\/www.ellasrl.com\/www\/wp-content\/uploads\/2021\/09\/unnamed-3-724x1024.jpg 724w, https:\/\/www.ellasrl.com\/www\/wp-content\/uploads\/2021\/09\/unnamed-3-212x300.jpg 212w, https:\/\/www.ellasrl.com\/www\/wp-content\/uploads\/2021\/09\/unnamed-3-768x1087.jpg 768w, https:\/\/www.ellasrl.com\/www\/wp-content\/uploads\/2021\/09\/unnamed-3.jpg 1024w\" sizes=\"auto, (max-width: 724px) 100vw, 724px\" \/><\/figure>\n<\/figure>\n\n\n\n<hr class=\"wp-block-separator is-style-wide\"\/>\n\n\n\n<div class=\"wp-block-columns is-layout-flex wp-container-core-columns-is-layout-9d6595d7 wp-block-columns-is-layout-flex\">\n<div class=\"wp-block-column is-layout-flow wp-block-column-is-layout-flow\"><\/div>\n<\/div>\n","protected":false},"excerpt":{"rendered":"<p>Die Firma Ella S.r.l. ist der offizielle H\u00e4ndler der renommiertesten italienischen M\u00f6belmarken. Ein Unternehmen, das f\u00fcr Qualit\u00e4t MADE IN ITALY steht, exportiert italienische Exzellenz in die ganze Welt.Dank der internationalen Pr\u00e4senz auf mehreren Kontinenten &#8211; mit besonderem Augenmerk auf S\u00fcdostasien &#8211; ist Ella S.r.l. der Referenzpartner, um die au\u00dfergew\u00f6hnliche italienische [&hellip;]<\/p>\n","protected":false},"author":1,"featured_media":0,"parent":66,"menu_order":34,"comment_status":"closed","ping_status":"closed","template":"page-templates\/template-fullwidth.php","meta":{"footnotes":""},"class_list":["post-307","page","type-page","status-publish","hentry"],"_links":{"self":[{"href":"https:\/\/www.ellasrl.com\/www\/wp-json\/wp\/v2\/pages\/307","targetHints":{"allow":["GET"]}}],"collection":[{"href":"https:\/\/www.ellasrl.com\/www\/wp-json\/wp\/v2\/pages"}],"about":[{"href":"https:\/\/www.ellasrl.com\/www\/wp-json\/wp\/v2\/types\/page"}],"author":[{"embeddable":true,"href":"https:\/\/www.ellasrl.com\/www\/wp-json\/wp\/v2\/users\/1"}],"replies":[{"embeddable":true,"href":"https:\/\/www.ellasrl.com\/www\/wp-json\/wp\/v2\/comments?post=307"}],"version-history":[{"count":2,"href":"https:\/\/www.ellasrl.com\/www\/wp-json\/wp\/v2\/pages\/307\/revisions"}],"predecessor-version":[{"id":309,"href":"https:\/\/www.ellasrl.com\/www\/wp-json\/wp\/v2\/pages\/307\/revisions\/309"}],"up":[{"embeddable":true,"href":"https:\/\/www.ellasrl.com\/www\/wp-json\/wp\/v2\/pages\/66"}],"wp:attachment":[{"href":"https:\/\/www.ellasrl.com\/www\/wp-json\/wp\/v2\/media?parent=307"}],"curies":[{"name":"wp","href":"https:\/\/api.w.org\/{rel}","templated":true}]}}