{"id":304,"date":"2022-04-07T17:14:15","date_gmt":"2022-04-07T15:14:15","guid":{"rendered":"https:\/\/www.ellasrl.com\/www\/?page_id=304"},"modified":"2022-04-07T17:29:02","modified_gmt":"2022-04-07T15:29:02","slug":"textilproduktion-fur-hotels","status":"publish","type":"page","link":"https:\/\/www.ellasrl.com\/www\/de-home-page\/textilproduktion-fur-hotels\/","title":{"rendered":"Textilproduktion f\u00fcr Hotels"},"content":{"rendered":"\n<hr class=\"wp-block-separator is-style-wide\"\/>\n\n\n\n<div class=\"wp-block-columns is-layout-flex wp-container-core-columns-is-layout-9d6595d7 wp-block-columns-is-layout-flex\">\n<div class=\"wp-block-column is-layout-flow wp-block-column-is-layout-flow\" style=\"flex-basis:66.66%\">\n<h2 class=\"wp-block-heading\"><mark style=\"background-color:rgba(0, 0, 0, 0);color:#ad232a\" class=\"has-inline-color\">Erfahrung zu Ihren Diensten<\/mark><\/h2>\n\n\n\n<p>Wir k\u00fcmmern uns um die Produktion und Lieferung von Vorh\u00e4ngen, Stoffen, Bettw\u00e4sche, Bettdecken und Bettbez\u00fcgen, Kissen und Bettzubeh\u00f6r, Bad- und Tischw\u00e4sche und vielem mehr f\u00fcr Hotels, um eine unvergleichliche Gastfreundschaft zu garantieren.<\/p>\n\n\n\n<p>Das Unternehmen ist seit Jahren im ganzen Land t\u00e4tig, einschlie\u00dflich der Inseln und des Rests der Welt.Wir k\u00fcmmern uns um den Kunden, von der einfachen Beratung und dem Design von textilen Einrichtungen f\u00fcr zu renovierende R\u00e4ume bis hin zur Herstellung von Produkten, die auch den anspruchsvollen Geschmack des Kunden befriedigen, immer auf der Suche nach hochgradig individuellen L\u00f6sungen, die seinen Bed\u00fcrfnissen entsprechen.<\/p>\n<\/div>\n\n\n\n<div class=\"wp-block-column is-layout-flow wp-block-column-is-layout-flow\" style=\"flex-basis:33.33%\">\n<figure class=\"wp-block-image size-full\"><img loading=\"lazy\" decoding=\"async\" width=\"830\" height=\"830\" src=\"https:\/\/www.ellasrl.com\/www\/wp-content\/uploads\/2021\/08\/alberghi1.png\" alt=\"\" class=\"wp-image-122\" srcset=\"https:\/\/www.ellasrl.com\/www\/wp-content\/uploads\/2021\/08\/alberghi1.png 830w, https:\/\/www.ellasrl.com\/www\/wp-content\/uploads\/2021\/08\/alberghi1-300x300.png 300w, https:\/\/www.ellasrl.com\/www\/wp-content\/uploads\/2021\/08\/alberghi1-150x150.png 150w, https:\/\/www.ellasrl.com\/www\/wp-content\/uploads\/2021\/08\/alberghi1-768x768.png 768w\" sizes=\"auto, (max-width: 830px) 100vw, 830px\" \/><\/figure>\n<\/div>\n<\/div>\n\n\n\n<hr class=\"wp-block-separator is-style-wide\"\/>\n\n\n\n<h2 class=\"wp-block-heading\"><mark style=\"background-color:rgba(0, 0, 0, 0);color:#af242b\" class=\"has-inline-color\">Der ideale Partner<\/mark><\/h2>\n\n\n\n<p>Dank unserer Professionalit\u00e4t, Seriosit\u00e4t, hoher Handwerkskunst und langj\u00e4hriger Erfahrung in der Branche garantiert das spezialisierte Personal von Ella Tendaggi die Schaffung von Umgebungen, die den Erwartungen selbst der anspruchsvollsten Kunden in Italien und im Ausland entsprechen.<\/p>\n\n\n\n<hr class=\"wp-block-separator is-style-wide\"\/>\n\n\n\n<div class=\"wp-block-columns is-layout-flex wp-container-core-columns-is-layout-9d6595d7 wp-block-columns-is-layout-flex\">\n<div class=\"wp-block-column is-layout-flow wp-block-column-is-layout-flow\">\n<figure class=\"wp-block-image size-full\"><img loading=\"lazy\" decoding=\"async\" width=\"750\" height=\"1000\" src=\"https:\/\/www.ellasrl.com\/www\/wp-content\/uploads\/2021\/08\/alberghi8.png\" alt=\"\" class=\"wp-image-133\" srcset=\"https:\/\/www.ellasrl.com\/www\/wp-content\/uploads\/2021\/08\/alberghi8.png 750w, https:\/\/www.ellasrl.com\/www\/wp-content\/uploads\/2021\/08\/alberghi8-225x300.png 225w\" sizes=\"auto, (max-width: 750px) 100vw, 750px\" \/><\/figure>\n<\/div>\n\n\n\n<div class=\"wp-block-column is-layout-flow wp-block-column-is-layout-flow\">\n<h2 class=\"wp-block-heading\"><mark style=\"background-color:rgba(0, 0, 0, 0);color:#a62127\" class=\"has-inline-color\">Kontaktiere uns jetzt!<\/mark><\/h2>\n\n\n<div class=\"wpforms-container wpforms-container-full\" id=\"wpforms-301\"><form id=\"wpforms-form-301\" class=\"wpforms-validate wpforms-form wpforms-ajax-form\" data-formid=\"301\" method=\"post\" enctype=\"multipart\/form-data\" action=\"\/www\/wp-json\/wp\/v2\/pages\/304\" data-token=\"1239f0e01e2d22aece2d208516ec5677\"><noscript class=\"wpforms-error-noscript\">Abilita JavaScript nel browser per completare questo modulo.<\/noscript><div class=\"wpforms-field-container\"><div id=\"wpforms-301-field_0-container\" class=\"wpforms-field wpforms-field-name\" data-field-id=\"0\"><label class=\"wpforms-field-label\" for=\"wpforms-301-field_0\">Name\/Name der Firma <span class=\"wpforms-required-label\">*<\/span><\/label><input type=\"text\" id=\"wpforms-301-field_0\" class=\"wpforms-field-large wpforms-field-required\" name=\"wpforms[fields][0]\" required><\/div><div id=\"wpforms-301-field_3-container\" class=\"wpforms-field wpforms-field-text\" data-field-id=\"3\"><label class=\"wpforms-field-label\" for=\"wpforms-301-field_3\">die Anschrift<\/label><input type=\"text\" id=\"wpforms-301-field_3\" class=\"wpforms-field-large\" name=\"wpforms[fields][3]\" ><\/div><div id=\"wpforms-301-field_4-container\" class=\"wpforms-field wpforms-field-text\" data-field-id=\"4\"><label class=\"wpforms-field-label\" for=\"wpforms-301-field_4\">Telefonnummer<\/label><input type=\"text\" id=\"wpforms-301-field_4\" class=\"wpforms-field-large\" name=\"wpforms[fields][4]\" ><\/div><div id=\"wpforms-301-field_1-container\" class=\"wpforms-field wpforms-field-email\" data-field-id=\"1\"><label class=\"wpforms-field-label\" for=\"wpforms-301-field_1\">E-Mail <span class=\"wpforms-required-label\">*<\/span><\/label><input type=\"email\" id=\"wpforms-301-field_1\" class=\"wpforms-field-large wpforms-field-required\" name=\"wpforms[fields][1]\" required><\/div><div id=\"wpforms-301-field_2-container\" class=\"wpforms-field wpforms-field-textarea\" data-field-id=\"2\"><label class=\"wpforms-field-label\" for=\"wpforms-301-field_2\">Nachricht <span class=\"wpforms-required-label\">*<\/span><\/label><textarea id=\"wpforms-301-field_2\" class=\"wpforms-field-medium wpforms-field-required\" name=\"wpforms[fields][2]\" required><\/textarea><\/div><\/div><input type=\"hidden\" name=\"wpforms[recaptcha]\" value=\"\"><div class=\"wpforms-submit-container\" ><input type=\"hidden\" name=\"wpforms[id]\" value=\"301\"><input type=\"hidden\" name=\"wpforms[author]\" value=\"1\"><button type=\"submit\" name=\"wpforms[submit]\" class=\"wpforms-submit \" id=\"wpforms-submit-301\" value=\"wpforms-submit\" aria-live=\"assertive\" data-alt-text=\"Senden...\" data-submit-text=\"Schicken\">Schicken<\/button><img loading=\"lazy\" decoding=\"async\" src=\"https:\/\/www.ellasrl.com\/www\/wp-content\/plugins\/wpforms-lite\/assets\/images\/submit-spin.svg\" class=\"wpforms-submit-spinner\" style=\"display: none;\" width=\"26\" height=\"26\" alt=\"\"><\/div><\/form><\/div>  <!-- .wpforms-container --><\/div>\n<\/div>\n","protected":false},"excerpt":{"rendered":"<p>Erfahrung zu Ihren Diensten Wir k\u00fcmmern uns um die Produktion und Lieferung von Vorh\u00e4ngen, Stoffen, Bettw\u00e4sche, Bettdecken und Bettbez\u00fcgen, Kissen und Bettzubeh\u00f6r, Bad- und Tischw\u00e4sche und vielem mehr f\u00fcr Hotels, um eine unvergleichliche Gastfreundschaft zu garantieren. Das Unternehmen ist seit Jahren im ganzen Land t\u00e4tig, einschlie\u00dflich der Inseln und des [&hellip;]<\/p>\n","protected":false},"author":1,"featured_media":0,"parent":66,"menu_order":33,"comment_status":"closed","ping_status":"closed","template":"page-templates\/template-fullwidth.php","meta":{"footnotes":""},"class_list":["post-304","page","type-page","status-publish","hentry"],"_links":{"self":[{"href":"https:\/\/www.ellasrl.com\/www\/wp-json\/wp\/v2\/pages\/304","targetHints":{"allow":["GET"]}}],"collection":[{"href":"https:\/\/www.ellasrl.com\/www\/wp-json\/wp\/v2\/pages"}],"about":[{"href":"https:\/\/www.ellasrl.com\/www\/wp-json\/wp\/v2\/types\/page"}],"author":[{"embeddable":true,"href":"https:\/\/www.ellasrl.com\/www\/wp-json\/wp\/v2\/users\/1"}],"replies":[{"embeddable":true,"href":"https:\/\/www.ellasrl.com\/www\/wp-json\/wp\/v2\/comments?post=304"}],"version-history":[{"count":3,"href":"https:\/\/www.ellasrl.com\/www\/wp-json\/wp\/v2\/pages\/304\/revisions"}],"predecessor-version":[{"id":323,"href":"https:\/\/www.ellasrl.com\/www\/wp-json\/wp\/v2\/pages\/304\/revisions\/323"}],"up":[{"embeddable":true,"href":"https:\/\/www.ellasrl.com\/www\/wp-json\/wp\/v2\/pages\/66"}],"wp:attachment":[{"href":"https:\/\/www.ellasrl.com\/www\/wp-json\/wp\/v2\/media?parent=304"}],"curies":[{"name":"wp","href":"https:\/\/api.w.org\/{rel}","templated":true}]}}