{"id":299,"date":"2022-04-07T16:53:47","date_gmt":"2022-04-07T14:53:47","guid":{"rendered":"https:\/\/www.ellasrl.com\/www\/?page_id=299"},"modified":"2022-04-07T17:28:40","modified_gmt":"2022-04-07T15:28:40","slug":"herstellung-von-vorhangen-fur-dritte","status":"publish","type":"page","link":"https:\/\/www.ellasrl.com\/www\/de-home-page\/herstellung-von-vorhangen-fur-dritte\/","title":{"rendered":"Herstellung von Vorh\u00e4ngen f\u00fcr Dritte"},"content":{"rendered":"\n<hr class=\"wp-block-separator is-style-wide\"\/>\n\n\n\n<div class=\"wp-block-columns is-layout-flex wp-container-core-columns-is-layout-9d6595d7 wp-block-columns-is-layout-flex\">\n<div class=\"wp-block-column is-layout-flow wp-block-column-is-layout-flow\" style=\"flex-basis:33.33%\">\n<figure class=\"wp-block-image size-large\"><img loading=\"lazy\" decoding=\"async\" width=\"1024\" height=\"910\" src=\"https:\/\/www.ellasrl.com\/www\/wp-content\/uploads\/2021\/08\/contoterzi1-1024x910.png\" alt=\"\" class=\"wp-image-105\" srcset=\"https:\/\/www.ellasrl.com\/www\/wp-content\/uploads\/2021\/08\/contoterzi1-1024x910.png 1024w, https:\/\/www.ellasrl.com\/www\/wp-content\/uploads\/2021\/08\/contoterzi1-300x267.png 300w, https:\/\/www.ellasrl.com\/www\/wp-content\/uploads\/2021\/08\/contoterzi1-768x682.png 768w, https:\/\/www.ellasrl.com\/www\/wp-content\/uploads\/2021\/08\/contoterzi1.png 1500w\" sizes=\"auto, (max-width: 1024px) 100vw, 1024px\" \/><\/figure>\n<\/div>\n\n\n\n<div class=\"wp-block-column is-layout-flow wp-block-column-is-layout-flow\" style=\"flex-basis:66.66%\">\n<h2 class=\"wp-block-heading\"><mark style=\"background-color:rgba(0, 0, 0, 0);color:#ad2229\" class=\"has-inline-color\">Qualit\u00e4t und Sch\u00f6nheit<\/mark><\/h2>\n\n\n\n<p>Zu den Dienstleistungen von Ella Tendaggi geh\u00f6rt die Produktion von Vorh\u00e4ngen und Vorh\u00e4ngen f\u00fcr Dritte.<\/p>\n\n\n\n<p>Dank langj\u00e4hriger Erfahrung in diesem Bereich k\u00f6nnen wir unseren Kunden in Italien und im Ausland die beste Qualit\u00e4t bei der Herstellung ihrer ma\u00dfgefertigten Vorh\u00e4nge garantieren.<\/p>\n\n\n\n<p>Stoffe spielen im Wohnbereich eine gro\u00dfe Rolle, nicht nur in B\u00fcros, doch Hotels und ebenso wie an jedem Ort, an dem wir uns heute aufhalten; Aus diesem Grund verf\u00fcgt Ella Tendaggi \u00fcber eine reiche Auswahl an Stoffen, die zu den gefragtesten und ausgesuchtesten geh\u00f6ren, damit die Qualit\u00e4t der Umgebungen auf den ersten Blick erkennbar ist.Alle Stoffe werden ausgew\u00e4hlt, um dem Kunden hochwertige Vorh\u00e4nge zu garantieren, die im Laufe der Zeit sch\u00f6n und langlebig sind.<\/p>\n<\/div>\n<\/div>\n\n\n\n<figure class=\"wp-block-gallery has-nested-images columns-default is-cropped wp-block-gallery-1 is-layout-flex wp-block-gallery-is-layout-flex\">\n<figure class=\"wp-block-image size-large\"><img loading=\"lazy\" decoding=\"async\" width=\"768\" height=\"1024\" data-id=\"106\" src=\"https:\/\/www.ellasrl.com\/www\/wp-content\/uploads\/2021\/08\/contoterzi2-768x1024.png\" alt=\"\" class=\"wp-image-106\" srcset=\"https:\/\/www.ellasrl.com\/www\/wp-content\/uploads\/2021\/08\/contoterzi2-768x1024.png 768w, https:\/\/www.ellasrl.com\/www\/wp-content\/uploads\/2021\/08\/contoterzi2-225x300.png 225w, https:\/\/www.ellasrl.com\/www\/wp-content\/uploads\/2021\/08\/contoterzi2.png 1000w\" sizes=\"auto, (max-width: 768px) 100vw, 768px\" \/><\/figure>\n\n\n\n<figure class=\"wp-block-image size-large\"><img loading=\"lazy\" decoding=\"async\" width=\"768\" height=\"1024\" data-id=\"107\" src=\"https:\/\/www.ellasrl.com\/www\/wp-content\/uploads\/2021\/08\/contoterzi3-768x1024.png\" alt=\"\" class=\"wp-image-107\" srcset=\"https:\/\/www.ellasrl.com\/www\/wp-content\/uploads\/2021\/08\/contoterzi3-768x1024.png 768w, https:\/\/www.ellasrl.com\/www\/wp-content\/uploads\/2021\/08\/contoterzi3-225x300.png 225w, https:\/\/www.ellasrl.com\/www\/wp-content\/uploads\/2021\/08\/contoterzi3.png 1000w\" sizes=\"auto, (max-width: 768px) 100vw, 768px\" \/><\/figure>\n\n\n\n<figure class=\"wp-block-image size-large\"><img loading=\"lazy\" decoding=\"async\" width=\"768\" height=\"1024\" data-id=\"108\" src=\"https:\/\/www.ellasrl.com\/www\/wp-content\/uploads\/2021\/08\/contoterzi4-768x1024.png\" alt=\"\" class=\"wp-image-108\" srcset=\"https:\/\/www.ellasrl.com\/www\/wp-content\/uploads\/2021\/08\/contoterzi4-768x1024.png 768w, https:\/\/www.ellasrl.com\/www\/wp-content\/uploads\/2021\/08\/contoterzi4-225x300.png 225w, https:\/\/www.ellasrl.com\/www\/wp-content\/uploads\/2021\/08\/contoterzi4.png 1000w\" sizes=\"auto, (max-width: 768px) 100vw, 768px\" \/><\/figure>\n<\/figure>\n\n\n\n<hr class=\"wp-block-separator aligncenter is-style-wide\"\/>\n\n\n\n<h2 class=\"wp-block-heading\"><mark style=\"background-color:rgba(0, 0, 0, 0);color:#ad232a\" class=\"has-inline-color\">Der ideale Partner<\/mark><\/h2>\n\n\n\n<p>Dank unserer Professionalit\u00e4t, Seriosit\u00e4t, hoher Handwerkskunst und langj\u00e4hriger Erfahrung in der Branche garantiert das spezialisierte Personal von Ella Tendaggi die Realisierung von Umgebungen, die den Erwartungen selbst der anspruchsvollsten Kunden aus der ganzen Welt entsprechen.<\/p>\n\n\n\n<hr class=\"wp-block-separator is-style-wide\"\/>\n\n\n\n<div class=\"wp-block-columns is-layout-flex wp-container-core-columns-is-layout-9d6595d7 wp-block-columns-is-layout-flex\">\n<div class=\"wp-block-column is-layout-flow wp-block-column-is-layout-flow\">\n<figure class=\"wp-block-image size-full\"><img loading=\"lazy\" decoding=\"async\" width=\"750\" height=\"1000\" src=\"https:\/\/www.ellasrl.com\/www\/wp-content\/uploads\/2021\/08\/contoterzi7.png\" alt=\"\" class=\"wp-image-109\" srcset=\"https:\/\/www.ellasrl.com\/www\/wp-content\/uploads\/2021\/08\/contoterzi7.png 750w, https:\/\/www.ellasrl.com\/www\/wp-content\/uploads\/2021\/08\/contoterzi7-225x300.png 225w\" sizes=\"auto, (max-width: 750px) 100vw, 750px\" \/><\/figure>\n<\/div>\n\n\n\n<div class=\"wp-block-column is-layout-flow wp-block-column-is-layout-flow\">\n<h2 class=\"wp-block-heading\"><mark style=\"background-color:rgba(0, 0, 0, 0);color:#ab232a\" class=\"has-inline-color\">Kontaktiere uns jetzt!<\/mark><\/h2>\n\n\n<div class=\"wpforms-container wpforms-container-full\" id=\"wpforms-301\"><form id=\"wpforms-form-301\" class=\"wpforms-validate wpforms-form wpforms-ajax-form\" data-formid=\"301\" method=\"post\" enctype=\"multipart\/form-data\" action=\"\/www\/wp-json\/wp\/v2\/pages\/299\" data-token=\"1239f0e01e2d22aece2d208516ec5677\"><noscript class=\"wpforms-error-noscript\">Abilita JavaScript nel browser per completare questo modulo.<\/noscript><div class=\"wpforms-field-container\"><div id=\"wpforms-301-field_0-container\" class=\"wpforms-field wpforms-field-name\" data-field-id=\"0\"><label class=\"wpforms-field-label\" for=\"wpforms-301-field_0\">Name\/Name der Firma <span class=\"wpforms-required-label\">*<\/span><\/label><input type=\"text\" id=\"wpforms-301-field_0\" class=\"wpforms-field-large wpforms-field-required\" name=\"wpforms[fields][0]\" required><\/div><div id=\"wpforms-301-field_3-container\" class=\"wpforms-field wpforms-field-text\" data-field-id=\"3\"><label class=\"wpforms-field-label\" for=\"wpforms-301-field_3\">die Anschrift<\/label><input type=\"text\" id=\"wpforms-301-field_3\" class=\"wpforms-field-large\" name=\"wpforms[fields][3]\" ><\/div><div id=\"wpforms-301-field_4-container\" class=\"wpforms-field wpforms-field-text\" data-field-id=\"4\"><label class=\"wpforms-field-label\" for=\"wpforms-301-field_4\">Telefonnummer<\/label><input type=\"text\" id=\"wpforms-301-field_4\" class=\"wpforms-field-large\" name=\"wpforms[fields][4]\" ><\/div><div id=\"wpforms-301-field_1-container\" class=\"wpforms-field wpforms-field-email\" data-field-id=\"1\"><label class=\"wpforms-field-label\" for=\"wpforms-301-field_1\">E-Mail <span class=\"wpforms-required-label\">*<\/span><\/label><input type=\"email\" id=\"wpforms-301-field_1\" class=\"wpforms-field-large wpforms-field-required\" name=\"wpforms[fields][1]\" required><\/div><div id=\"wpforms-301-field_2-container\" class=\"wpforms-field wpforms-field-textarea\" data-field-id=\"2\"><label class=\"wpforms-field-label\" for=\"wpforms-301-field_2\">Nachricht <span class=\"wpforms-required-label\">*<\/span><\/label><textarea id=\"wpforms-301-field_2\" class=\"wpforms-field-medium wpforms-field-required\" name=\"wpforms[fields][2]\" required><\/textarea><\/div><\/div><input type=\"hidden\" name=\"wpforms[recaptcha]\" value=\"\"><div class=\"wpforms-submit-container\" ><input type=\"hidden\" name=\"wpforms[id]\" value=\"301\"><input type=\"hidden\" name=\"wpforms[author]\" value=\"1\"><button type=\"submit\" name=\"wpforms[submit]\" class=\"wpforms-submit \" id=\"wpforms-submit-301\" value=\"wpforms-submit\" aria-live=\"assertive\" data-alt-text=\"Senden...\" data-submit-text=\"Schicken\">Schicken<\/button><img loading=\"lazy\" decoding=\"async\" src=\"https:\/\/www.ellasrl.com\/www\/wp-content\/plugins\/wpforms-lite\/assets\/images\/submit-spin.svg\" class=\"wpforms-submit-spinner\" style=\"display: none;\" width=\"26\" height=\"26\" alt=\"\"><\/div><\/form><\/div>  <!-- .wpforms-container --><\/div>\n<\/div>\n","protected":false},"excerpt":{"rendered":"<p>Qualit\u00e4t und Sch\u00f6nheit Zu den Dienstleistungen von Ella Tendaggi geh\u00f6rt die Produktion von Vorh\u00e4ngen und Vorh\u00e4ngen f\u00fcr Dritte. Dank langj\u00e4hriger Erfahrung in diesem Bereich k\u00f6nnen wir unseren Kunden in Italien und im Ausland die beste Qualit\u00e4t bei der Herstellung ihrer ma\u00dfgefertigten Vorh\u00e4nge garantieren. Stoffe spielen im Wohnbereich eine gro\u00dfe Rolle, [&hellip;]<\/p>\n","protected":false},"author":1,"featured_media":0,"parent":66,"menu_order":32,"comment_status":"closed","ping_status":"closed","template":"page-templates\/template-fullwidth.php","meta":{"footnotes":""},"class_list":["post-299","page","type-page","status-publish","hentry"],"_links":{"self":[{"href":"https:\/\/www.ellasrl.com\/www\/wp-json\/wp\/v2\/pages\/299","targetHints":{"allow":["GET"]}}],"collection":[{"href":"https:\/\/www.ellasrl.com\/www\/wp-json\/wp\/v2\/pages"}],"about":[{"href":"https:\/\/www.ellasrl.com\/www\/wp-json\/wp\/v2\/types\/page"}],"author":[{"embeddable":true,"href":"https:\/\/www.ellasrl.com\/www\/wp-json\/wp\/v2\/users\/1"}],"replies":[{"embeddable":true,"href":"https:\/\/www.ellasrl.com\/www\/wp-json\/wp\/v2\/comments?post=299"}],"version-history":[{"count":4,"href":"https:\/\/www.ellasrl.com\/www\/wp-json\/wp\/v2\/pages\/299\/revisions"}],"predecessor-version":[{"id":322,"href":"https:\/\/www.ellasrl.com\/www\/wp-json\/wp\/v2\/pages\/299\/revisions\/322"}],"up":[{"embeddable":true,"href":"https:\/\/www.ellasrl.com\/www\/wp-json\/wp\/v2\/pages\/66"}],"wp:attachment":[{"href":"https:\/\/www.ellasrl.com\/www\/wp-json\/wp\/v2\/media?parent=299"}],"curies":[{"name":"wp","href":"https:\/\/api.w.org\/{rel}","templated":true}]}}