{"id":206,"date":"2021-09-20T18:10:41","date_gmt":"2021-09-20T16:10:41","guid":{"rendered":"https:\/\/www.ellasrl.com\/www\/?page_id=206"},"modified":"2021-09-20T18:33:37","modified_gmt":"2021-09-20T16:33:37","slug":"import-export","status":"publish","type":"page","link":"https:\/\/www.ellasrl.com\/www\/it-home-page\/import-export\/","title":{"rendered":"Import\/Export"},"content":{"rendered":"\n<hr class=\"wp-block-separator is-style-wide\"\/>\n\n\n\n<div class=\"wp-block-columns is-layout-flex wp-container-core-columns-is-layout-9d6595d7 wp-block-columns-is-layout-flex\">\n<div class=\"wp-block-column is-layout-flow wp-block-column-is-layout-flow\" style=\"flex-basis:33.33%\">\n<figure class=\"wp-block-image size-large\"><img loading=\"lazy\" decoding=\"async\" width=\"1024\" height=\"507\" src=\"https:\/\/www.ellasrl.com\/www\/wp-content\/uploads\/2021\/08\/container-1-1024x507.jpg\" alt=\"\" class=\"wp-image-90\" srcset=\"https:\/\/www.ellasrl.com\/www\/wp-content\/uploads\/2021\/08\/container-1-1024x507.jpg 1024w, https:\/\/www.ellasrl.com\/www\/wp-content\/uploads\/2021\/08\/container-1-300x148.jpg 300w, https:\/\/www.ellasrl.com\/www\/wp-content\/uploads\/2021\/08\/container-1-768x380.jpg 768w, https:\/\/www.ellasrl.com\/www\/wp-content\/uploads\/2021\/08\/container-1-1536x760.jpg 1536w, https:\/\/www.ellasrl.com\/www\/wp-content\/uploads\/2021\/08\/container-1.jpg 1920w\" sizes=\"auto, (max-width: 1024px) 100vw, 1024px\" \/><\/figure>\n<\/div>\n\n\n\n<div class=\"wp-block-column is-layout-flow wp-block-column-is-layout-flow\" style=\"flex-basis:66.66%\">\n<p>L\u2019azienda Ella S.r.l. \u00e8 concessionario ufficiale dei pi\u00f9 prestigiosi marchi di arredamento italiano.<br>Azienda sinonimo di qualit\u00e0 MADE IN ITALY esporta in tutto il mondo le eccellenze italiane.<\/p>\n\n\n\n<p>Grazie alla presenza internazionale in pi\u00f9 continenti con particolare attenzione al Sud Est Asiatico Ella S.r.l. \u00e8 il partner di riferimento per vendere e far conoscere la straordinaria qualit\u00e0 italiana nel mondo.<\/p>\n<\/div>\n<\/div>\n\n\n\n<figure class=\"wp-block-gallery columns-3 is-cropped wp-block-gallery-1 is-layout-flex wp-block-gallery-is-layout-flex\"><ul class=\"blocks-gallery-grid\"><li class=\"blocks-gallery-item\"><figure><img loading=\"lazy\" decoding=\"async\" width=\"1024\" height=\"683\" src=\"https:\/\/www.ellasrl.com\/www\/wp-content\/uploads\/2021\/09\/unnamed-1024x683.jpg\" alt=\"\" data-id=\"191\" data-full-url=\"https:\/\/www.ellasrl.com\/www\/wp-content\/uploads\/2021\/09\/unnamed-scaled.jpg\" data-link=\"https:\/\/www.ellasrl.com\/www\/it-home-page\/la-nostra-azienda\/unnamed\/\" class=\"wp-image-191\" srcset=\"https:\/\/www.ellasrl.com\/www\/wp-content\/uploads\/2021\/09\/unnamed-1024x683.jpg 1024w, https:\/\/www.ellasrl.com\/www\/wp-content\/uploads\/2021\/09\/unnamed-300x200.jpg 300w, https:\/\/www.ellasrl.com\/www\/wp-content\/uploads\/2021\/09\/unnamed-768x512.jpg 768w, https:\/\/www.ellasrl.com\/www\/wp-content\/uploads\/2021\/09\/unnamed-1536x1025.jpg 1536w, https:\/\/www.ellasrl.com\/www\/wp-content\/uploads\/2021\/09\/unnamed-2048x1366.jpg 2048w\" sizes=\"auto, (max-width: 1024px) 100vw, 1024px\" \/><\/figure><\/li><li class=\"blocks-gallery-item\"><figure><img loading=\"lazy\" decoding=\"async\" width=\"802\" height=\"1024\" src=\"https:\/\/www.ellasrl.com\/www\/wp-content\/uploads\/2021\/09\/unnamed-4-802x1024.jpg\" alt=\"\" data-id=\"190\" data-full-url=\"https:\/\/www.ellasrl.com\/www\/wp-content\/uploads\/2021\/09\/unnamed-4.jpg\" data-link=\"https:\/\/www.ellasrl.com\/www\/it-home-page\/la-nostra-azienda\/unnamed-4\/\" class=\"wp-image-190\" srcset=\"https:\/\/www.ellasrl.com\/www\/wp-content\/uploads\/2021\/09\/unnamed-4-802x1024.jpg 802w, https:\/\/www.ellasrl.com\/www\/wp-content\/uploads\/2021\/09\/unnamed-4-235x300.jpg 235w, https:\/\/www.ellasrl.com\/www\/wp-content\/uploads\/2021\/09\/unnamed-4-768x980.jpg 768w, https:\/\/www.ellasrl.com\/www\/wp-content\/uploads\/2021\/09\/unnamed-4.jpg 1024w\" sizes=\"auto, (max-width: 802px) 100vw, 802px\" \/><\/figure><\/li><li class=\"blocks-gallery-item\"><figure><img loading=\"lazy\" decoding=\"async\" width=\"724\" height=\"1024\" src=\"https:\/\/www.ellasrl.com\/www\/wp-content\/uploads\/2021\/09\/unnamed-3-724x1024.jpg\" alt=\"\" data-id=\"189\" data-full-url=\"https:\/\/www.ellasrl.com\/www\/wp-content\/uploads\/2021\/09\/unnamed-3.jpg\" data-link=\"https:\/\/www.ellasrl.com\/www\/it-home-page\/la-nostra-azienda\/unnamed-3\/\" class=\"wp-image-189\" srcset=\"https:\/\/www.ellasrl.com\/www\/wp-content\/uploads\/2021\/09\/unnamed-3-724x1024.jpg 724w, https:\/\/www.ellasrl.com\/www\/wp-content\/uploads\/2021\/09\/unnamed-3-212x300.jpg 212w, https:\/\/www.ellasrl.com\/www\/wp-content\/uploads\/2021\/09\/unnamed-3-768x1087.jpg 768w, https:\/\/www.ellasrl.com\/www\/wp-content\/uploads\/2021\/09\/unnamed-3.jpg 1024w\" sizes=\"auto, (max-width: 724px) 100vw, 724px\" \/><\/figure><\/li><\/ul><\/figure>\n\n\n\n<hr class=\"wp-block-separator is-style-wide\"\/>\n\n\n\n<div class=\"wp-block-columns is-layout-flex wp-container-core-columns-is-layout-9d6595d7 wp-block-columns-is-layout-flex\">\n<div class=\"wp-block-column is-layout-flow wp-block-column-is-layout-flow\"><\/div>\n<\/div>\n","protected":false},"excerpt":{"rendered":"<p>L\u2019azienda Ella S.r.l. \u00e8 concessionario ufficiale dei pi\u00f9 prestigiosi marchi di arredamento italiano.Azienda sinonimo di qualit\u00e0 MADE IN ITALY esporta in tutto il mondo le eccellenze italiane. Grazie alla presenza internazionale in pi\u00f9 continenti con particolare attenzione al Sud Est Asiatico Ella S.r.l. \u00e8 il partner di riferimento per vendere [&hellip;]<\/p>\n","protected":false},"author":1,"featured_media":0,"parent":14,"menu_order":40,"comment_status":"closed","ping_status":"closed","template":"page-templates\/template-fullwidth.php","meta":{"footnotes":""},"class_list":["post-206","page","type-page","status-publish","hentry"],"_links":{"self":[{"href":"https:\/\/www.ellasrl.com\/www\/wp-json\/wp\/v2\/pages\/206","targetHints":{"allow":["GET"]}}],"collection":[{"href":"https:\/\/www.ellasrl.com\/www\/wp-json\/wp\/v2\/pages"}],"about":[{"href":"https:\/\/www.ellasrl.com\/www\/wp-json\/wp\/v2\/types\/page"}],"author":[{"embeddable":true,"href":"https:\/\/www.ellasrl.com\/www\/wp-json\/wp\/v2\/users\/1"}],"replies":[{"embeddable":true,"href":"https:\/\/www.ellasrl.com\/www\/wp-json\/wp\/v2\/comments?post=206"}],"version-history":[{"count":4,"href":"https:\/\/www.ellasrl.com\/www\/wp-json\/wp\/v2\/pages\/206\/revisions"}],"predecessor-version":[{"id":237,"href":"https:\/\/www.ellasrl.com\/www\/wp-json\/wp\/v2\/pages\/206\/revisions\/237"}],"up":[{"embeddable":true,"href":"https:\/\/www.ellasrl.com\/www\/wp-json\/wp\/v2\/pages\/14"}],"wp:attachment":[{"href":"https:\/\/www.ellasrl.com\/www\/wp-json\/wp\/v2\/media?parent=206"}],"curies":[{"name":"wp","href":"https:\/\/api.w.org\/{rel}","templated":true}]}}