{"id":121,"date":"2021-08-25T09:29:18","date_gmt":"2021-08-25T07:29:18","guid":{"rendered":"https:\/\/www.ellasrl.com\/www\/?page_id=121"},"modified":"2021-09-20T18:16:11","modified_gmt":"2021-09-20T16:16:11","slug":"produzione-tessili-per-alberghi","status":"publish","type":"page","link":"https:\/\/www.ellasrl.com\/www\/it-home-page\/produzione-tessili-per-alberghi\/","title":{"rendered":"Produzione tessili per alberghi"},"content":{"rendered":"\n<hr class=\"wp-block-separator is-style-wide\"\/>\n\n\n\n<div class=\"wp-block-columns is-layout-flex wp-container-core-columns-is-layout-9d6595d7 wp-block-columns-is-layout-flex\">\n<div class=\"wp-block-column is-layout-flow wp-block-column-is-layout-flow\" style=\"flex-basis:66.66%\">\n<h2 class=\"wp-block-heading\"><span style=\"color:#ad232a\" class=\"has-inline-color\">Esperienza al vostro servizio<\/span><\/h2>\n\n\n\n<p>Ci occupiamo della produzione e fornitura di tendaggi, tessuti, biancheria per il letto, piumini e copripiumini, cuscini e accessori per il letto, biancheria per il bagno e la tavola e molto altro per alberghi, per garantirti un&#8217;ospitalit\u00e0 senza eguali.<br>L&#8217;azienda opera da anni in tutto il territorio nazionale, comprese isole e nel resto del mondo.<br>Ci prendiamo cura del cliente, dalla semplice consulenza e progettazione di arredamenti tessili per gli spazi che devono essere rinnovati, alla realizzazione dei prodotti che soddisfino il gusto anche sofisticato del cliente, sempre alla ricerca di soluzioni molto personalizzate e che rispodano alle loro necessit\u00e0.<\/p>\n<\/div>\n\n\n\n<div class=\"wp-block-column is-layout-flow wp-block-column-is-layout-flow\" style=\"flex-basis:33.33%\">\n<figure class=\"wp-block-image size-full\"><img loading=\"lazy\" decoding=\"async\" width=\"830\" height=\"830\" src=\"https:\/\/www.ellasrl.com\/www\/wp-content\/uploads\/2021\/08\/alberghi1.png\" alt=\"\" class=\"wp-image-122\" srcset=\"https:\/\/www.ellasrl.com\/www\/wp-content\/uploads\/2021\/08\/alberghi1.png 830w, https:\/\/www.ellasrl.com\/www\/wp-content\/uploads\/2021\/08\/alberghi1-300x300.png 300w, https:\/\/www.ellasrl.com\/www\/wp-content\/uploads\/2021\/08\/alberghi1-150x150.png 150w, https:\/\/www.ellasrl.com\/www\/wp-content\/uploads\/2021\/08\/alberghi1-768x768.png 768w\" sizes=\"auto, (max-width: 830px) 100vw, 830px\" \/><\/figure>\n<\/div>\n<\/div>\n\n\n\n<hr class=\"wp-block-separator is-style-wide\"\/>\n\n\n\n<h2 class=\"wp-block-heading\"><span style=\"color:#af242b\" class=\"has-inline-color\">Il partner ideale<\/span><\/h2>\n\n\n\n<p>Grazie alla nostra professionalit\u00e0, seriet\u00e0, alta artigianalit\u00e0 e lunga esperienza nel settore, il personale specializzato di Ella Tendaggi, garantisce realizzazioni di ambienti in linea con le aspettative anche dei clienti pi\u00f9 esigenti in Italia ed all&#8217;estero.<\/p>\n\n\n\n<hr class=\"wp-block-separator is-style-wide\"\/>\n\n\n\n<div class=\"wp-block-columns is-layout-flex wp-container-core-columns-is-layout-9d6595d7 wp-block-columns-is-layout-flex\">\n<div class=\"wp-block-column is-layout-flow wp-block-column-is-layout-flow\">\n<figure class=\"wp-block-image size-full\"><img loading=\"lazy\" decoding=\"async\" width=\"750\" height=\"1000\" src=\"https:\/\/www.ellasrl.com\/www\/wp-content\/uploads\/2021\/08\/alberghi8.png\" alt=\"\" class=\"wp-image-133\" srcset=\"https:\/\/www.ellasrl.com\/www\/wp-content\/uploads\/2021\/08\/alberghi8.png 750w, https:\/\/www.ellasrl.com\/www\/wp-content\/uploads\/2021\/08\/alberghi8-225x300.png 225w\" sizes=\"auto, (max-width: 750px) 100vw, 750px\" \/><\/figure>\n<\/div>\n\n\n\n<div class=\"wp-block-column is-layout-flow wp-block-column-is-layout-flow\">\n<h2 class=\"wp-block-heading\"><span style=\"color:#a62127\" class=\"has-inline-color\">Contattaci ora!<\/span><\/h2>\n\n\n<div class=\"wpforms-container wpforms-container-full\" id=\"wpforms-96\"><form id=\"wpforms-form-96\" class=\"wpforms-validate wpforms-form wpforms-ajax-form\" data-formid=\"96\" method=\"post\" enctype=\"multipart\/form-data\" action=\"\/www\/wp-json\/wp\/v2\/pages\/121\" data-token=\"1239f0e01e2d22aece2d208516ec5677\"><noscript class=\"wpforms-error-noscript\">Abilita JavaScript nel browser per completare questo modulo.<\/noscript><div class=\"wpforms-field-container\"><div id=\"wpforms-96-field_0-container\" class=\"wpforms-field wpforms-field-name\" data-field-id=\"0\"><label class=\"wpforms-field-label\" for=\"wpforms-96-field_0\">Nome\/Azienda <span class=\"wpforms-required-label\">*<\/span><\/label><input type=\"text\" id=\"wpforms-96-field_0\" class=\"wpforms-field-large wpforms-field-required\" name=\"wpforms[fields][0]\" required><\/div><div id=\"wpforms-96-field_3-container\" class=\"wpforms-field wpforms-field-text\" data-field-id=\"3\"><label class=\"wpforms-field-label\" for=\"wpforms-96-field_3\">Localit\u00e0<\/label><input type=\"text\" id=\"wpforms-96-field_3\" class=\"wpforms-field-large wpforms-limit-characters-enabled\" data-form-id=\"96\" data-field-id=\"3\" data-text-limit=\"50\" name=\"wpforms[fields][3]\" maxlength=\"50\" ><\/div><div id=\"wpforms-96-field_4-container\" class=\"wpforms-field wpforms-field-text\" data-field-id=\"4\"><label class=\"wpforms-field-label\" for=\"wpforms-96-field_4\">Telefono<\/label><input type=\"text\" id=\"wpforms-96-field_4\" class=\"wpforms-field-large wpforms-limit-characters-enabled\" data-form-id=\"96\" data-field-id=\"4\" data-text-limit=\"15\" name=\"wpforms[fields][4]\" maxlength=\"15\" ><\/div><div id=\"wpforms-96-field_1-container\" class=\"wpforms-field wpforms-field-email\" data-field-id=\"1\"><label class=\"wpforms-field-label\" for=\"wpforms-96-field_1\">E-Mail <span class=\"wpforms-required-label\">*<\/span><\/label><input type=\"email\" id=\"wpforms-96-field_1\" class=\"wpforms-field-large wpforms-field-required\" name=\"wpforms[fields][1]\" required><\/div><div id=\"wpforms-96-field_2-container\" class=\"wpforms-field wpforms-field-textarea\" data-field-id=\"2\"><label class=\"wpforms-field-label\" for=\"wpforms-96-field_2\">Messaggio <span class=\"wpforms-required-label\">*<\/span><\/label><textarea id=\"wpforms-96-field_2\" class=\"wpforms-field-medium wpforms-field-required wpforms-limit-characters-enabled\" data-form-id=\"96\" data-field-id=\"2\" data-text-limit=\"600\" name=\"wpforms[fields][2]\" maxlength=\"600\" required><\/textarea><\/div><\/div><div class=\"wpforms-submit-container\" ><input type=\"hidden\" name=\"wpforms[id]\" value=\"96\"><input type=\"hidden\" name=\"wpforms[author]\" value=\"1\"><button type=\"submit\" name=\"wpforms[submit]\" class=\"wpforms-submit \" id=\"wpforms-submit-96\" value=\"wpforms-submit\" aria-live=\"assertive\" data-alt-text=\"Invio in corso...\" data-submit-text=\"Invia\">Invia<\/button><img loading=\"lazy\" decoding=\"async\" src=\"https:\/\/www.ellasrl.com\/www\/wp-content\/plugins\/wpforms-lite\/assets\/images\/submit-spin.svg\" class=\"wpforms-submit-spinner\" style=\"display: none;\" width=\"26\" height=\"26\" alt=\"\"><\/div><\/form><\/div>  <!-- .wpforms-container --><\/div>\n<\/div>\n","protected":false},"excerpt":{"rendered":"<p>Esperienza al vostro servizio Ci occupiamo della produzione e fornitura di tendaggi, tessuti, biancheria per il letto, piumini e copripiumini, cuscini e accessori per il letto, biancheria per il bagno e la tavola e molto altro per alberghi, per garantirti un&#8217;ospitalit\u00e0 senza eguali.L&#8217;azienda opera da anni in tutto il territorio [&hellip;]<\/p>\n","protected":false},"author":1,"featured_media":0,"parent":14,"menu_order":30,"comment_status":"closed","ping_status":"closed","template":"page-templates\/template-fullwidth.php","meta":{"footnotes":""},"class_list":["post-121","page","type-page","status-publish","hentry"],"_links":{"self":[{"href":"https:\/\/www.ellasrl.com\/www\/wp-json\/wp\/v2\/pages\/121","targetHints":{"allow":["GET"]}}],"collection":[{"href":"https:\/\/www.ellasrl.com\/www\/wp-json\/wp\/v2\/pages"}],"about":[{"href":"https:\/\/www.ellasrl.com\/www\/wp-json\/wp\/v2\/types\/page"}],"author":[{"embeddable":true,"href":"https:\/\/www.ellasrl.com\/www\/wp-json\/wp\/v2\/users\/1"}],"replies":[{"embeddable":true,"href":"https:\/\/www.ellasrl.com\/www\/wp-json\/wp\/v2\/comments?post=121"}],"version-history":[{"count":2,"href":"https:\/\/www.ellasrl.com\/www\/wp-json\/wp\/v2\/pages\/121\/revisions"}],"predecessor-version":[{"id":134,"href":"https:\/\/www.ellasrl.com\/www\/wp-json\/wp\/v2\/pages\/121\/revisions\/134"}],"up":[{"embeddable":true,"href":"https:\/\/www.ellasrl.com\/www\/wp-json\/wp\/v2\/pages\/14"}],"wp:attachment":[{"href":"https:\/\/www.ellasrl.com\/www\/wp-json\/wp\/v2\/media?parent=121"}],"curies":[{"name":"wp","href":"https:\/\/api.w.org\/{rel}","templated":true}]}}