{"id":104,"date":"2021-08-25T09:13:06","date_gmt":"2021-08-25T07:13:06","guid":{"rendered":"https:\/\/www.ellasrl.com\/www\/?page_id=104"},"modified":"2021-09-20T18:15:31","modified_gmt":"2021-09-20T16:15:31","slug":"produzione-tendaggi-conto-terzi","status":"publish","type":"page","link":"https:\/\/www.ellasrl.com\/www\/it-home-page\/produzione-tendaggi-conto-terzi\/","title":{"rendered":"Produzione tendaggi conto terzi"},"content":{"rendered":"\n<hr class=\"wp-block-separator is-style-wide\"\/>\n\n\n\n<div class=\"wp-block-columns is-layout-flex wp-container-core-columns-is-layout-9d6595d7 wp-block-columns-is-layout-flex\">\n<div class=\"wp-block-column is-layout-flow wp-block-column-is-layout-flow\" style=\"flex-basis:33.33%\">\n<figure class=\"wp-block-image size-large\"><img loading=\"lazy\" decoding=\"async\" width=\"1024\" height=\"910\" src=\"https:\/\/www.ellasrl.com\/www\/wp-content\/uploads\/2021\/08\/contoterzi1-1024x910.png\" alt=\"\" class=\"wp-image-105\" srcset=\"https:\/\/www.ellasrl.com\/www\/wp-content\/uploads\/2021\/08\/contoterzi1-1024x910.png 1024w, https:\/\/www.ellasrl.com\/www\/wp-content\/uploads\/2021\/08\/contoterzi1-300x267.png 300w, https:\/\/www.ellasrl.com\/www\/wp-content\/uploads\/2021\/08\/contoterzi1-768x682.png 768w, https:\/\/www.ellasrl.com\/www\/wp-content\/uploads\/2021\/08\/contoterzi1.png 1500w\" sizes=\"auto, (max-width: 1024px) 100vw, 1024px\" \/><\/figure>\n<\/div>\n\n\n\n<div class=\"wp-block-column is-layout-flow wp-block-column-is-layout-flow\" style=\"flex-basis:66.66%\">\n<h2 class=\"wp-block-heading\"><span style=\"color:#ad2229\" class=\"has-inline-color\">Qualit\u00e0 e bellezza<\/span><\/h2>\n\n\n\n<p>Tra i servizi di Ella Tendaggi vi \u00e8 la produzione conto terzi di tende e tendaggi.<br>Grazie all&#8217;esperienza pluriennale in questo settore, siamo in grado di garantire al cliente in Italia ed all&#8217;estero, la migliore qualit\u00e0 di realizzazione dei propri tendaggi personalizzati.<br>I tessuti hanno un ruolo di grande importanza in abitazioni, ma non solo, anche in uffici, hotel ed in ogni luogo che frequentiamo nelle nostre giornate; proprio per questo Ella Tendaggi ha a disposizione una ricca selezione di tessuti, tra i pi\u00f9 ricercati e selezionati, perch\u00e9 la qualit\u00e0 degli ambienti sia chiara fin dalla prima occhiata.<br>Tutti i tessuti sono selezionati per garantire al cliente dei tendaggi di qualit\u00e0, belli e durevoli nel tempo.<\/p>\n<\/div>\n<\/div>\n\n\n\n<figure class=\"wp-block-gallery columns-3 is-cropped wp-block-gallery-1 is-layout-flex wp-block-gallery-is-layout-flex\"><ul class=\"blocks-gallery-grid\"><li class=\"blocks-gallery-item\"><figure><img loading=\"lazy\" decoding=\"async\" width=\"768\" height=\"1024\" src=\"https:\/\/www.ellasrl.com\/www\/wp-content\/uploads\/2021\/08\/contoterzi2-768x1024.png\" alt=\"\" data-id=\"106\" data-full-url=\"https:\/\/www.ellasrl.com\/www\/wp-content\/uploads\/2021\/08\/contoterzi2.png\" data-link=\"https:\/\/www.ellasrl.com\/www\/?attachment_id=106\" class=\"wp-image-106\" srcset=\"https:\/\/www.ellasrl.com\/www\/wp-content\/uploads\/2021\/08\/contoterzi2-768x1024.png 768w, https:\/\/www.ellasrl.com\/www\/wp-content\/uploads\/2021\/08\/contoterzi2-225x300.png 225w, https:\/\/www.ellasrl.com\/www\/wp-content\/uploads\/2021\/08\/contoterzi2.png 1000w\" sizes=\"auto, (max-width: 768px) 100vw, 768px\" \/><\/figure><\/li><li class=\"blocks-gallery-item\"><figure><img loading=\"lazy\" decoding=\"async\" width=\"768\" height=\"1024\" src=\"https:\/\/www.ellasrl.com\/www\/wp-content\/uploads\/2021\/08\/contoterzi3-768x1024.png\" alt=\"\" data-id=\"107\" data-full-url=\"https:\/\/www.ellasrl.com\/www\/wp-content\/uploads\/2021\/08\/contoterzi3.png\" data-link=\"https:\/\/www.ellasrl.com\/www\/?attachment_id=107\" class=\"wp-image-107\" srcset=\"https:\/\/www.ellasrl.com\/www\/wp-content\/uploads\/2021\/08\/contoterzi3-768x1024.png 768w, https:\/\/www.ellasrl.com\/www\/wp-content\/uploads\/2021\/08\/contoterzi3-225x300.png 225w, https:\/\/www.ellasrl.com\/www\/wp-content\/uploads\/2021\/08\/contoterzi3.png 1000w\" sizes=\"auto, (max-width: 768px) 100vw, 768px\" \/><\/figure><\/li><li class=\"blocks-gallery-item\"><figure><img loading=\"lazy\" decoding=\"async\" width=\"768\" height=\"1024\" src=\"https:\/\/www.ellasrl.com\/www\/wp-content\/uploads\/2021\/08\/contoterzi4-768x1024.png\" alt=\"\" data-id=\"108\" data-full-url=\"https:\/\/www.ellasrl.com\/www\/wp-content\/uploads\/2021\/08\/contoterzi4.png\" data-link=\"https:\/\/www.ellasrl.com\/www\/?attachment_id=108\" class=\"wp-image-108\" srcset=\"https:\/\/www.ellasrl.com\/www\/wp-content\/uploads\/2021\/08\/contoterzi4-768x1024.png 768w, https:\/\/www.ellasrl.com\/www\/wp-content\/uploads\/2021\/08\/contoterzi4-225x300.png 225w, https:\/\/www.ellasrl.com\/www\/wp-content\/uploads\/2021\/08\/contoterzi4.png 1000w\" sizes=\"auto, (max-width: 768px) 100vw, 768px\" \/><\/figure><\/li><\/ul><\/figure>\n\n\n\n<hr class=\"wp-block-separator aligncenter is-style-wide\"\/>\n\n\n\n<h2 class=\"wp-block-heading\"><span style=\"color:#ad232a\" class=\"has-inline-color\">Il partner ideale<\/span><\/h2>\n\n\n\n<p>Grazie alla nostra professionalit\u00e0, seriet\u00e0, alta artigianalit\u00e0 e lunga esperienza nel settore, il personale specializzato di Ella Tendaggi, garantisce realizzazioni di ambienti in linea con le aspettative anche dei clienti piu\u00f9 esigenti di tutto il mondo.<\/p>\n\n\n\n<hr class=\"wp-block-separator is-style-wide\"\/>\n\n\n\n<div class=\"wp-block-columns is-layout-flex wp-container-core-columns-is-layout-9d6595d7 wp-block-columns-is-layout-flex\">\n<div class=\"wp-block-column is-layout-flow wp-block-column-is-layout-flow\">\n<figure class=\"wp-block-image size-full\"><img loading=\"lazy\" decoding=\"async\" width=\"750\" height=\"1000\" src=\"https:\/\/www.ellasrl.com\/www\/wp-content\/uploads\/2021\/08\/contoterzi7.png\" alt=\"\" class=\"wp-image-109\" srcset=\"https:\/\/www.ellasrl.com\/www\/wp-content\/uploads\/2021\/08\/contoterzi7.png 750w, https:\/\/www.ellasrl.com\/www\/wp-content\/uploads\/2021\/08\/contoterzi7-225x300.png 225w\" sizes=\"auto, (max-width: 750px) 100vw, 750px\" \/><\/figure>\n<\/div>\n\n\n\n<div class=\"wp-block-column is-layout-flow wp-block-column-is-layout-flow\">\n<h2 class=\"wp-block-heading\"><span style=\"color:#ab232a\" class=\"has-inline-color\">Contattaci ora!<\/span><\/h2>\n\n\n<div class=\"wpforms-container wpforms-container-full\" id=\"wpforms-96\"><form id=\"wpforms-form-96\" class=\"wpforms-validate wpforms-form wpforms-ajax-form\" data-formid=\"96\" method=\"post\" enctype=\"multipart\/form-data\" action=\"\/www\/wp-json\/wp\/v2\/pages\/104\" data-token=\"1239f0e01e2d22aece2d208516ec5677\"><noscript class=\"wpforms-error-noscript\">Abilita JavaScript nel browser per completare questo modulo.<\/noscript><div class=\"wpforms-field-container\"><div id=\"wpforms-96-field_0-container\" class=\"wpforms-field wpforms-field-name\" data-field-id=\"0\"><label class=\"wpforms-field-label\" for=\"wpforms-96-field_0\">Nome\/Azienda <span class=\"wpforms-required-label\">*<\/span><\/label><input type=\"text\" id=\"wpforms-96-field_0\" class=\"wpforms-field-large wpforms-field-required\" name=\"wpforms[fields][0]\" required><\/div><div id=\"wpforms-96-field_3-container\" class=\"wpforms-field wpforms-field-text\" data-field-id=\"3\"><label class=\"wpforms-field-label\" for=\"wpforms-96-field_3\">Localit\u00e0<\/label><input type=\"text\" id=\"wpforms-96-field_3\" class=\"wpforms-field-large wpforms-limit-characters-enabled\" data-form-id=\"96\" data-field-id=\"3\" data-text-limit=\"50\" name=\"wpforms[fields][3]\" maxlength=\"50\" ><\/div><div id=\"wpforms-96-field_4-container\" class=\"wpforms-field wpforms-field-text\" data-field-id=\"4\"><label class=\"wpforms-field-label\" for=\"wpforms-96-field_4\">Telefono<\/label><input type=\"text\" id=\"wpforms-96-field_4\" class=\"wpforms-field-large wpforms-limit-characters-enabled\" data-form-id=\"96\" data-field-id=\"4\" data-text-limit=\"15\" name=\"wpforms[fields][4]\" maxlength=\"15\" ><\/div><div id=\"wpforms-96-field_1-container\" class=\"wpforms-field wpforms-field-email\" data-field-id=\"1\"><label class=\"wpforms-field-label\" for=\"wpforms-96-field_1\">E-Mail <span class=\"wpforms-required-label\">*<\/span><\/label><input type=\"email\" id=\"wpforms-96-field_1\" class=\"wpforms-field-large wpforms-field-required\" name=\"wpforms[fields][1]\" required><\/div><div id=\"wpforms-96-field_2-container\" class=\"wpforms-field wpforms-field-textarea\" data-field-id=\"2\"><label class=\"wpforms-field-label\" for=\"wpforms-96-field_2\">Messaggio <span class=\"wpforms-required-label\">*<\/span><\/label><textarea id=\"wpforms-96-field_2\" class=\"wpforms-field-medium wpforms-field-required wpforms-limit-characters-enabled\" data-form-id=\"96\" data-field-id=\"2\" data-text-limit=\"600\" name=\"wpforms[fields][2]\" maxlength=\"600\" required><\/textarea><\/div><\/div><div class=\"wpforms-submit-container\" ><input type=\"hidden\" name=\"wpforms[id]\" value=\"96\"><input type=\"hidden\" name=\"wpforms[author]\" value=\"1\"><button type=\"submit\" name=\"wpforms[submit]\" class=\"wpforms-submit \" id=\"wpforms-submit-96\" value=\"wpforms-submit\" aria-live=\"assertive\" data-alt-text=\"Invio in corso...\" data-submit-text=\"Invia\">Invia<\/button><img loading=\"lazy\" decoding=\"async\" src=\"https:\/\/www.ellasrl.com\/www\/wp-content\/plugins\/wpforms-lite\/assets\/images\/submit-spin.svg\" class=\"wpforms-submit-spinner\" style=\"display: none;\" width=\"26\" height=\"26\" alt=\"\"><\/div><\/form><\/div>  <!-- .wpforms-container --><\/div>\n<\/div>\n","protected":false},"excerpt":{"rendered":"<p>Qualit\u00e0 e bellezza Tra i servizi di Ella Tendaggi vi \u00e8 la produzione conto terzi di tende e tendaggi.Grazie all&#8217;esperienza pluriennale in questo settore, siamo in grado di garantire al cliente in Italia ed all&#8217;estero, la migliore qualit\u00e0 di realizzazione dei propri tendaggi personalizzati.I tessuti hanno un ruolo di grande [&hellip;]<\/p>\n","protected":false},"author":1,"featured_media":0,"parent":14,"menu_order":20,"comment_status":"closed","ping_status":"closed","template":"page-templates\/template-fullwidth.php","meta":{"footnotes":""},"class_list":["post-104","page","type-page","status-publish","hentry"],"_links":{"self":[{"href":"https:\/\/www.ellasrl.com\/www\/wp-json\/wp\/v2\/pages\/104","targetHints":{"allow":["GET"]}}],"collection":[{"href":"https:\/\/www.ellasrl.com\/www\/wp-json\/wp\/v2\/pages"}],"about":[{"href":"https:\/\/www.ellasrl.com\/www\/wp-json\/wp\/v2\/types\/page"}],"author":[{"embeddable":true,"href":"https:\/\/www.ellasrl.com\/www\/wp-json\/wp\/v2\/users\/1"}],"replies":[{"embeddable":true,"href":"https:\/\/www.ellasrl.com\/www\/wp-json\/wp\/v2\/comments?post=104"}],"version-history":[{"count":9,"href":"https:\/\/www.ellasrl.com\/www\/wp-json\/wp\/v2\/pages\/104\/revisions"}],"predecessor-version":[{"id":129,"href":"https:\/\/www.ellasrl.com\/www\/wp-json\/wp\/v2\/pages\/104\/revisions\/129"}],"up":[{"embeddable":true,"href":"https:\/\/www.ellasrl.com\/www\/wp-json\/wp\/v2\/pages\/14"}],"wp:attachment":[{"href":"https:\/\/www.ellasrl.com\/www\/wp-json\/wp\/v2\/media?parent=104"}],"curies":[{"name":"wp","href":"https:\/\/api.w.org\/{rel}","templated":true}]}}